{"id":146,"date":"2021-06-19T13:25:01","date_gmt":"2021-06-19T11:25:01","guid":{"rendered":"http:\/\/uscagni.cluster030.hosting.ovh.net\/?page_id=146"},"modified":"2024-07-17T14:57:33","modified_gmt":"2024-07-17T12:57:33","slug":"gym-loisir","status":"publish","type":"page","link":"https:\/\/www.uscagnesgym.fr\/index.php\/gym-loisir\/","title":{"rendered":"Gym Loisir"},"content":{"rendered":"\t\t<div data-elementor-type=\"wp-page\" data-elementor-id=\"146\" class=\"elementor elementor-146\" data-elementor-post-type=\"page\">\n\t\t\t\t\t\t<section class=\"elementor-section elementor-top-section elementor-element elementor-element-926b669 elementor-section-boxed elementor-section-height-default elementor-section-height-default\" data-id=\"926b669\" data-element_type=\"section\" data-e-type=\"section\">\n\t\t\t\t\t\t<div class=\"elementor-container elementor-column-gap-default\">\n\t\t\t\t\t<div class=\"elementor-column elementor-col-100 elementor-top-column elementor-element elementor-element-e03221c\" data-id=\"e03221c\" data-element_type=\"column\" data-e-type=\"column\">\n\t\t\t<div class=\"elementor-widget-wrap elementor-element-populated\">\n\t\t\t\t\t\t<div class=\"elementor-element elementor-element-9ed7152 elementor-widget elementor-widget-heading\" data-id=\"9ed7152\" data-element_type=\"widget\" data-e-type=\"widget\" data-widget_type=\"heading.default\">\n\t\t\t\t<div class=\"elementor-widget-container\">\n\t\t\t\t\t<h2 class=\"elementor-heading-title elementor-size-default\">Gym Loisir<\/h2>\t\t\t\t<\/div>\n\t\t\t\t<\/div>\n\t\t\t\t\t<\/div>\n\t\t<\/div>\n\t\t\t\t\t<\/div>\n\t\t<\/section>\n\t\t\t\t<section class=\"elementor-section elementor-top-section elementor-element elementor-element-ba5be36 elementor-section-boxed elementor-section-height-default elementor-section-height-default\" data-id=\"ba5be36\" data-element_type=\"section\" data-e-type=\"section\">\n\t\t\t\t\t\t<div class=\"elementor-container elementor-column-gap-default\">\n\t\t\t\t\t<div class=\"elementor-column elementor-col-100 elementor-top-column elementor-element elementor-element-874f34b\" data-id=\"874f34b\" data-element_type=\"column\" data-e-type=\"column\">\n\t\t\t<div class=\"elementor-widget-wrap elementor-element-populated\">\n\t\t\t\t\t\t<div class=\"elementor-element elementor-element-bf1f82c elementor-widget elementor-widget-text-editor\" data-id=\"bf1f82c\" data-element_type=\"widget\" data-e-type=\"widget\" data-widget_type=\"text-editor.default\">\n\t\t\t\t<div class=\"elementor-widget-container\">\n\t\t\t\t\t\t\t\t\t<p style=\"font-size: 15px; font-style: normal;\">La Gym Loisir est une section ouverte aux enfants souhaitant d\u00e9couvrir la discipline.&nbsp;<\/p><p style=\"font-size: 15px; font-style: normal;\"><span style=\"font-family: var( --e-global-typography-text-font-family ), Sans-serif; font-style: inherit;\">Votre inscription sera valid\u00e9e lorsque nous aurons re\u00e7u le formulaire d\u00fbment rempli et sign\u00e9. Pour le r\u00e8glement vous pouvez r\u00e9gler en esp\u00e8ces, ch\u00e8ques, ou via un lien de paiement en ligne s\u00e9curis\u00e9, envoy\u00e9 une fois le dossier correctement retourn\u00e9.<\/span><\/p><p style=\"font-size: 15px; font-style: normal;\">Votre inscription ne sera d\u00e9finitive qu&rsquo;une fois tous les documents trait\u00e9s par nos soins et dont nous vous ferons un retour par mail.<\/p><p style=\"font-size: 15px; font-style: normal;\">Un cours d&rsquo;essai est pr\u00e9vu.<\/p><p style=\"font-size: 15px; font-style: normal;\">Une r\u00e9duction de 10\u20ac est r\u00e9serv\u00e9e aux r\u00e9sidants Cagnois sur pr\u00e9sentation d&rsquo;un justificatif.&nbsp;<\/p><p style=\"font-size: 15px; font-style: normal;\">Une remise de 50\u20ac pour les personnes b\u00e9n\u00e9ficiants de l&rsquo;allocation de rentr\u00e9e scolaire. Attention afin de b\u00e9n\u00e9ficier du Pass Sport, vous devrez imp\u00e9rativement nous fournir le code envoy\u00e9 par mail par le minist\u00e8re des sports avant le 31 Novembre sans quoi la remise ne pourra s&rsquo;effectuer et vous nous serez redevable de cette somme. Un ch\u00e8que de caution vous sera demand\u00e9.<\/p><p style=\"font-size: 15px; font-style: normal;\">Les cours se d\u00e9roulent au gymnase Besson,&nbsp;40 Chemin des Canebiers, 06800 Cagnes-sur-Mer.&nbsp;<\/p>\t\t\t\t\t\t\t\t<\/div>\n\t\t\t\t<\/div>\n\t\t\t\t\t<\/div>\n\t\t<\/div>\n\t\t\t\t\t<\/div>\n\t\t<\/section>\n\t\t\t\t<section class=\"elementor-section elementor-top-section elementor-element elementor-element-c7a6ca6 elementor-section-boxed elementor-section-height-default elementor-section-height-default\" data-id=\"c7a6ca6\" data-element_type=\"section\" data-e-type=\"section\">\n\t\t\t\t\t\t<div class=\"elementor-container elementor-column-gap-default\">\n\t\t\t\t\t<div class=\"elementor-column elementor-col-100 elementor-top-column elementor-element elementor-element-5a9d9ae\" data-id=\"5a9d9ae\" data-element_type=\"column\" data-e-type=\"column\">\n\t\t\t<div class=\"elementor-widget-wrap elementor-element-populated\">\n\t\t\t\t\t\t<div class=\"elementor-element elementor-element-5377b23 elementor-widget-divider--view-line elementor-widget elementor-widget-divider\" data-id=\"5377b23\" data-element_type=\"widget\" data-e-type=\"widget\" data-widget_type=\"divider.default\">\n\t\t\t\t<div class=\"elementor-widget-container\">\n\t\t\t\t\t\t\t<div class=\"elementor-divider\">\n\t\t\t<span class=\"elementor-divider-separator\">\n\t\t\t\t\t\t<\/span>\n\t\t<\/div>\n\t\t\t\t\t\t<\/div>\n\t\t\t\t<\/div>\n\t\t\t\t\t<\/div>\n\t\t<\/div>\n\t\t\t\t\t<\/div>\n\t\t<\/section>\n\t\t\t\t<section class=\"elementor-section elementor-top-section elementor-element elementor-element-0a09470 elementor-section-boxed elementor-section-height-default elementor-section-height-default\" data-id=\"0a09470\" data-element_type=\"section\" data-e-type=\"section\">\n\t\t\t\t\t\t<div class=\"elementor-container elementor-column-gap-default\">\n\t\t\t\t\t<div class=\"elementor-column elementor-col-100 elementor-top-column elementor-element elementor-element-23eb25d\" data-id=\"23eb25d\" data-element_type=\"column\" data-e-type=\"column\">\n\t\t\t<div class=\"elementor-widget-wrap elementor-element-populated\">\n\t\t\t\t\t\t<div class=\"elementor-element elementor-element-0250060 elementor-widget elementor-widget-google_maps\" data-id=\"0250060\" data-element_type=\"widget\" data-e-type=\"widget\" data-widget_type=\"google_maps.default\">\n\t\t\t\t<div class=\"elementor-widget-container\">\n\t\t\t\t\t\t\t<div class=\"elementor-custom-embed\">\n\t\t\t<iframe loading=\"lazy\"\n\t\t\t\t\tsrc=\"https:\/\/maps.google.com\/maps?q=40%20CHEMIN%20DES%20CANEBIERS%2C%2006800&#038;t=m&#038;z=14&#038;output=embed&#038;iwloc=near\"\n\t\t\t\t\ttitle=\"40 CHEMIN DES CANEBIERS, 06800\"\n\t\t\t\t\taria-label=\"40 CHEMIN DES CANEBIERS, 06800\"\n\t\t\t><\/iframe>\n\t\t<\/div>\n\t\t\t\t\t\t<\/div>\n\t\t\t\t<\/div>\n\t\t\t\t\t<\/div>\n\t\t<\/div>\n\t\t\t\t\t<\/div>\n\t\t<\/section>\n\t\t\t\t<section class=\"elementor-section elementor-top-section elementor-element elementor-element-a97d99e elementor-section-boxed elementor-section-height-default elementor-section-height-default\" data-id=\"a97d99e\" data-element_type=\"section\" data-e-type=\"section\">\n\t\t\t\t\t\t<div class=\"elementor-container elementor-column-gap-default\">\n\t\t\t\t\t<div class=\"elementor-column elementor-col-100 elementor-top-column elementor-element elementor-element-33169b5\" data-id=\"33169b5\" data-element_type=\"column\" data-e-type=\"column\">\n\t\t\t<div class=\"elementor-widget-wrap elementor-element-populated\">\n\t\t\t\t\t\t<div class=\"elementor-element elementor-element-be0bbd2 elementor-widget-divider--view-line elementor-widget elementor-widget-divider\" data-id=\"be0bbd2\" data-element_type=\"widget\" data-e-type=\"widget\" data-widget_type=\"divider.default\">\n\t\t\t\t<div class=\"elementor-widget-container\">\n\t\t\t\t\t\t\t<div class=\"elementor-divider\">\n\t\t\t<span class=\"elementor-divider-separator\">\n\t\t\t\t\t\t<\/span>\n\t\t<\/div>\n\t\t\t\t\t\t<\/div>\n\t\t\t\t<\/div>\n\t\t\t\t\t<\/div>\n\t\t<\/div>\n\t\t\t\t\t<\/div>\n\t\t<\/section>\n\t\t\t\t<\/div>\n\t\t","protected":false},"excerpt":{"rendered":"<p>Gym Loisir La Gym Loisir est une section ouverte aux enfants souhaitant d\u00e9couvrir la discipline.&nbsp; Votre inscription sera valid\u00e9e lorsque nous aurons re\u00e7u le formulaire d\u00fbment rempli et sign\u00e9. Pour le r\u00e8glement vous pouvez r\u00e9gler en esp\u00e8ces, ch\u00e8ques, ou via un lien de paiement en ligne s\u00e9curis\u00e9, envoy\u00e9 une fois le dossier correctement retourn\u00e9. Votre [&hellip;]<\/p>\n","protected":false},"author":1,"featured_media":0,"parent":0,"menu_order":4,"comment_status":"closed","ping_status":"closed","template":"","meta":{"site-sidebar-layout":"right-sidebar","site-content-layout":"page-builder","ast-site-content-layout":"","site-content-style":"default","site-sidebar-style":"default","ast-global-header-display":"","ast-banner-title-visibility":"","ast-main-header-display":"","ast-hfb-above-header-display":"","ast-hfb-below-header-display":"","ast-hfb-mobile-header-display":"","site-post-title":"disabled","ast-breadcrumbs-content":"","ast-featured-img":"disabled","footer-sml-layout":"","theme-transparent-header-meta":"default","adv-header-id-meta":"","stick-header-meta":"","header-above-stick-meta":"","header-main-stick-meta":"","header-below-stick-meta":"","astra-migrate-meta-layouts":"default","ast-page-background-enabled":"default","ast-page-background-meta":{"desktop":{"background-color":"","background-image":"","background-repeat":"repeat","background-position":"center center","background-size":"auto","background-attachment":"scroll","background-type":"","background-media":"","overlay-type":"","overlay-color":"","overlay-opacity":"","overlay-gradient":""},"tablet":{"background-color":"","background-image":"","background-repeat":"repeat","background-position":"center center","background-size":"auto","background-attachment":"scroll","background-type":"","background-media":"","overlay-type":"","overlay-color":"","overlay-opacity":"","overlay-gradient":""},"mobile":{"background-color":"","background-image":"","background-repeat":"repeat","background-position":"center center","background-size":"auto","background-attachment":"scroll","background-type":"","background-media":"","overlay-type":"","overlay-color":"","overlay-opacity":"","overlay-gradient":""}},"ast-content-background-meta":{"desktop":{"background-color":"var(--ast-global-color-5)","background-image":"","background-repeat":"repeat","background-position":"center center","background-size":"auto","background-attachment":"scroll","background-type":"","background-media":"","overlay-type":"","overlay-color":"","overlay-opacity":"","overlay-gradient":""},"tablet":{"background-color":"var(--ast-global-color-5)","background-image":"","background-repeat":"repeat","background-position":"center center","background-size":"auto","background-attachment":"scroll","background-type":"","background-media":"","overlay-type":"","overlay-color":"","overlay-opacity":"","overlay-gradient":""},"mobile":{"background-color":"var(--ast-global-color-5)","background-image":"","background-repeat":"repeat","background-position":"center center","background-size":"auto","background-attachment":"scroll","background-type":"","background-media":"","overlay-type":"","overlay-color":"","overlay-opacity":"","overlay-gradient":""}},"footnotes":""},"class_list":["post-146","page","type-page","status-publish","hentry"],"yoast_head":"<!-- This site is optimized with the Yoast SEO plugin v27.5 - https:\/\/yoast.com\/product\/yoast-seo-wordpress\/ -->\n<title>Gym Loisir - Us Cagnes Gym<\/title>\n<meta name=\"robots\" content=\"index, follow, max-snippet:-1, max-image-preview:large, max-video-preview:-1\" \/>\n<link rel=\"canonical\" href=\"https:\/\/www.uscagnesgym.fr\/index.php\/gym-loisir\/\" \/>\n<meta property=\"og:locale\" content=\"fr_FR\" \/>\n<meta property=\"og:type\" content=\"article\" \/>\n<meta property=\"og:title\" content=\"Gym Loisir - Us Cagnes Gym\" \/>\n<meta property=\"og:description\" content=\"Gym Loisir La Gym Loisir est une section ouverte aux enfants souhaitant d\u00e9couvrir la discipline.&nbsp; Votre inscription sera valid\u00e9e lorsque nous aurons re\u00e7u le formulaire d\u00fbment rempli et sign\u00e9. Pour le r\u00e8glement vous pouvez r\u00e9gler en esp\u00e8ces, ch\u00e8ques, ou via un lien de paiement en ligne s\u00e9curis\u00e9, envoy\u00e9 une fois le dossier correctement retourn\u00e9. Votre [&hellip;]\" \/>\n<meta property=\"og:url\" content=\"https:\/\/www.uscagnesgym.fr\/index.php\/gym-loisir\/\" \/>\n<meta property=\"og:site_name\" content=\"Us Cagnes Gym\" \/>\n<meta property=\"article:publisher\" content=\"https:\/\/www.facebook.com\/US-Cagnes-gym-AcrobatiqueArtistique-1066166136749080\/?ref=pages_you_manage\" \/>\n<meta property=\"article:modified_time\" content=\"2024-07-17T12:57:33+00:00\" \/>\n<meta name=\"twitter:card\" content=\"summary_large_image\" \/>\n<meta name=\"twitter:label1\" content=\"Dur\u00e9e de lecture estim\u00e9e\" \/>\n\t<meta name=\"twitter:data1\" content=\"2 minutes\" \/>\n<script type=\"application\/ld+json\" class=\"yoast-schema-graph\">{\"@context\":\"https:\\\/\\\/schema.org\",\"@graph\":[{\"@type\":\"WebPage\",\"@id\":\"https:\\\/\\\/www.uscagnesgym.fr\\\/index.php\\\/gym-loisir\\\/\",\"url\":\"https:\\\/\\\/www.uscagnesgym.fr\\\/index.php\\\/gym-loisir\\\/\",\"name\":\"Gym Loisir - Us Cagnes Gym\",\"isPartOf\":{\"@id\":\"https:\\\/\\\/www.uscagnesgym.fr\\\/#website\"},\"datePublished\":\"2021-06-19T11:25:01+00:00\",\"dateModified\":\"2024-07-17T12:57:33+00:00\",\"breadcrumb\":{\"@id\":\"https:\\\/\\\/www.uscagnesgym.fr\\\/index.php\\\/gym-loisir\\\/#breadcrumb\"},\"inLanguage\":\"fr-FR\",\"potentialAction\":[{\"@type\":\"ReadAction\",\"target\":[\"https:\\\/\\\/www.uscagnesgym.fr\\\/index.php\\\/gym-loisir\\\/\"]}]},{\"@type\":\"BreadcrumbList\",\"@id\":\"https:\\\/\\\/www.uscagnesgym.fr\\\/index.php\\\/gym-loisir\\\/#breadcrumb\",\"itemListElement\":[{\"@type\":\"ListItem\",\"position\":1,\"name\":\"Accueil\",\"item\":\"https:\\\/\\\/www.uscagnesgym.fr\\\/\"},{\"@type\":\"ListItem\",\"position\":2,\"name\":\"Gym Loisir\"}]},{\"@type\":\"WebSite\",\"@id\":\"https:\\\/\\\/www.uscagnesgym.fr\\\/#website\",\"url\":\"https:\\\/\\\/www.uscagnesgym.fr\\\/\",\"name\":\"us cagnes gym\",\"description\":\"Gymnastique Acrobatique &amp; Artistique\",\"publisher\":{\"@id\":\"https:\\\/\\\/www.uscagnesgym.fr\\\/#organization\"},\"potentialAction\":[{\"@type\":\"SearchAction\",\"target\":{\"@type\":\"EntryPoint\",\"urlTemplate\":\"https:\\\/\\\/www.uscagnesgym.fr\\\/?s={search_term_string}\"},\"query-input\":{\"@type\":\"PropertyValueSpecification\",\"valueRequired\":true,\"valueName\":\"search_term_string\"}}],\"inLanguage\":\"fr-FR\"},{\"@type\":\"Organization\",\"@id\":\"https:\\\/\\\/www.uscagnesgym.fr\\\/#organization\",\"name\":\"us cagnes gym\",\"url\":\"https:\\\/\\\/www.uscagnesgym.fr\\\/\",\"logo\":{\"@type\":\"ImageObject\",\"inLanguage\":\"fr-FR\",\"@id\":\"https:\\\/\\\/www.uscagnesgym.fr\\\/#\\\/schema\\\/logo\\\/image\\\/\",\"url\":\"http:\\\/\\\/www.uscagnesgym.fr\\\/wp-content\\\/uploads\\\/2021\\\/05\\\/cropped-cropped-us_cangnes_acro_gym_logo_ok.jpg\",\"contentUrl\":\"http:\\\/\\\/www.uscagnesgym.fr\\\/wp-content\\\/uploads\\\/2021\\\/05\\\/cropped-cropped-us_cangnes_acro_gym_logo_ok.jpg\",\"width\":512,\"height\":512,\"caption\":\"us cagnes gym\"},\"image\":{\"@id\":\"https:\\\/\\\/www.uscagnesgym.fr\\\/#\\\/schema\\\/logo\\\/image\\\/\"},\"sameAs\":[\"https:\\\/\\\/www.facebook.com\\\/US-Cagnes-gym-AcrobatiqueArtistique-1066166136749080\\\/?ref=pages_you_manage\",\"https:\\\/\\\/www.instagram.com\\\/uscagnes_gymacro\\\/\"]}]}<\/script>\n<!-- \/ Yoast SEO plugin. -->","yoast_head_json":{"title":"Gym Loisir - Us Cagnes Gym","robots":{"index":"index","follow":"follow","max-snippet":"max-snippet:-1","max-image-preview":"max-image-preview:large","max-video-preview":"max-video-preview:-1"},"canonical":"https:\/\/www.uscagnesgym.fr\/index.php\/gym-loisir\/","og_locale":"fr_FR","og_type":"article","og_title":"Gym Loisir - Us Cagnes Gym","og_description":"Gym Loisir La Gym Loisir est une section ouverte aux enfants souhaitant d\u00e9couvrir la discipline.&nbsp; Votre inscription sera valid\u00e9e lorsque nous aurons re\u00e7u le formulaire d\u00fbment rempli et sign\u00e9. Pour le r\u00e8glement vous pouvez r\u00e9gler en esp\u00e8ces, ch\u00e8ques, ou via un lien de paiement en ligne s\u00e9curis\u00e9, envoy\u00e9 une fois le dossier correctement retourn\u00e9. Votre [&hellip;]","og_url":"https:\/\/www.uscagnesgym.fr\/index.php\/gym-loisir\/","og_site_name":"Us Cagnes Gym","article_publisher":"https:\/\/www.facebook.com\/US-Cagnes-gym-AcrobatiqueArtistique-1066166136749080\/?ref=pages_you_manage","article_modified_time":"2024-07-17T12:57:33+00:00","twitter_card":"summary_large_image","twitter_misc":{"Dur\u00e9e de lecture estim\u00e9e":"2 minutes"},"schema":{"@context":"https:\/\/schema.org","@graph":[{"@type":"WebPage","@id":"https:\/\/www.uscagnesgym.fr\/index.php\/gym-loisir\/","url":"https:\/\/www.uscagnesgym.fr\/index.php\/gym-loisir\/","name":"Gym Loisir - Us Cagnes Gym","isPartOf":{"@id":"https:\/\/www.uscagnesgym.fr\/#website"},"datePublished":"2021-06-19T11:25:01+00:00","dateModified":"2024-07-17T12:57:33+00:00","breadcrumb":{"@id":"https:\/\/www.uscagnesgym.fr\/index.php\/gym-loisir\/#breadcrumb"},"inLanguage":"fr-FR","potentialAction":[{"@type":"ReadAction","target":["https:\/\/www.uscagnesgym.fr\/index.php\/gym-loisir\/"]}]},{"@type":"BreadcrumbList","@id":"https:\/\/www.uscagnesgym.fr\/index.php\/gym-loisir\/#breadcrumb","itemListElement":[{"@type":"ListItem","position":1,"name":"Accueil","item":"https:\/\/www.uscagnesgym.fr\/"},{"@type":"ListItem","position":2,"name":"Gym Loisir"}]},{"@type":"WebSite","@id":"https:\/\/www.uscagnesgym.fr\/#website","url":"https:\/\/www.uscagnesgym.fr\/","name":"us cagnes gym","description":"Gymnastique Acrobatique &amp; Artistique","publisher":{"@id":"https:\/\/www.uscagnesgym.fr\/#organization"},"potentialAction":[{"@type":"SearchAction","target":{"@type":"EntryPoint","urlTemplate":"https:\/\/www.uscagnesgym.fr\/?s={search_term_string}"},"query-input":{"@type":"PropertyValueSpecification","valueRequired":true,"valueName":"search_term_string"}}],"inLanguage":"fr-FR"},{"@type":"Organization","@id":"https:\/\/www.uscagnesgym.fr\/#organization","name":"us cagnes gym","url":"https:\/\/www.uscagnesgym.fr\/","logo":{"@type":"ImageObject","inLanguage":"fr-FR","@id":"https:\/\/www.uscagnesgym.fr\/#\/schema\/logo\/image\/","url":"http:\/\/www.uscagnesgym.fr\/wp-content\/uploads\/2021\/05\/cropped-cropped-us_cangnes_acro_gym_logo_ok.jpg","contentUrl":"http:\/\/www.uscagnesgym.fr\/wp-content\/uploads\/2021\/05\/cropped-cropped-us_cangnes_acro_gym_logo_ok.jpg","width":512,"height":512,"caption":"us cagnes gym"},"image":{"@id":"https:\/\/www.uscagnesgym.fr\/#\/schema\/logo\/image\/"},"sameAs":["https:\/\/www.facebook.com\/US-Cagnes-gym-AcrobatiqueArtistique-1066166136749080\/?ref=pages_you_manage","https:\/\/www.instagram.com\/uscagnes_gymacro\/"]}]}},"_links":{"self":[{"href":"https:\/\/www.uscagnesgym.fr\/index.php\/wp-json\/wp\/v2\/pages\/146","targetHints":{"allow":["GET"]}}],"collection":[{"href":"https:\/\/www.uscagnesgym.fr\/index.php\/wp-json\/wp\/v2\/pages"}],"about":[{"href":"https:\/\/www.uscagnesgym.fr\/index.php\/wp-json\/wp\/v2\/types\/page"}],"author":[{"embeddable":true,"href":"https:\/\/www.uscagnesgym.fr\/index.php\/wp-json\/wp\/v2\/users\/1"}],"replies":[{"embeddable":true,"href":"https:\/\/www.uscagnesgym.fr\/index.php\/wp-json\/wp\/v2\/comments?post=146"}],"version-history":[{"count":133,"href":"https:\/\/www.uscagnesgym.fr\/index.php\/wp-json\/wp\/v2\/pages\/146\/revisions"}],"predecessor-version":[{"id":1195,"href":"https:\/\/www.uscagnesgym.fr\/index.php\/wp-json\/wp\/v2\/pages\/146\/revisions\/1195"}],"wp:attachment":[{"href":"https:\/\/www.uscagnesgym.fr\/index.php\/wp-json\/wp\/v2\/media?parent=146"}],"curies":[{"name":"wp","href":"https:\/\/api.w.org\/{rel}","templated":true}]}}